{"id":1681,"date":"2024-04-16T09:47:38","date_gmt":"2024-04-16T09:47:38","guid":{"rendered":"https:\/\/kindermedizin-zuerich.ch\/?page_id=1681"},"modified":"2024-05-23T10:07:05","modified_gmt":"2024-05-23T10:07:05","slug":"teammember_mesmeh","status":"publish","type":"page","link":"https:\/\/kindermedizin-zuerich.ch\/en\/teammember_mesmeh\/","title":{"rendered":"Teammember Mesmeh"},"content":{"rendered":"<div data-elementor-type=\"wp-page\" data-elementor-id=\"1681\" class=\"elementor elementor-1681\" data-elementor-post-type=\"page\">\n\t\t\t\t<div class=\"elementor-element elementor-element-bc00726 e-con-full e-flex e-con e-parent\" data-id=\"bc00726\" data-element_type=\"container\" data-e-type=\"container\">\n\t\t<div class=\"elementor-element elementor-element-26ad8323 e-con-full e-flex e-con e-child\" data-id=\"26ad8323\" data-element_type=\"container\" data-e-type=\"container\">\n\t\t<div class=\"elementor-element elementor-element-3298e94e e-con-full e-flex e-con e-child\" data-id=\"3298e94e\" data-element_type=\"container\" data-e-type=\"container\">\n\t\t\t\t<div class=\"elementor-element elementor-element-871cf32 elementor-widget elementor-widget-heading\" data-id=\"871cf32\" data-element_type=\"widget\" data-e-type=\"widget\" data-widget_type=\"heading.default\">\n\t\t\t\t<div class=\"elementor-widget-container\">\n\t\t\t\t\t<h1 class=\"elementor-heading-title elementor-size-default\">Meri Mesmeh<\/h1>\t\t\t\t<\/div>\n\t\t\t\t<\/div>\n\t\t\t\t<div class=\"elementor-element elementor-element-a0ff7a0 elementor-widget elementor-widget-heading\" data-id=\"a0ff7a0\" data-element_type=\"widget\" data-e-type=\"widget\" data-widget_type=\"heading.default\">\n\t\t\t\t<div class=\"elementor-widget-container\">\n\t\t\t\t\t<h2 class=\"elementor-heading-title elementor-size-default\">Fachfrau Gesundheit, Arztsekret\u00e4rin<\/h2>\t\t\t\t<\/div>\n\t\t\t\t<\/div>\n\t\t\t\t<div class=\"elementor-element elementor-element-542a7cae elementor-widget__width-initial elementor-widget elementor-widget-text-editor\" data-id=\"542a7cae\" data-element_type=\"widget\" data-e-type=\"widget\" data-widget_type=\"text-editor.default\">\n\t\t\t\t<div class=\"elementor-widget-container\">\n\t\t\t\t\t\t\t\t\t<p>Meine berufliche Reise begann mit meiner Ausbildung zur Pflegeassistentin am Inselspital in Bern, gefolgt von einem Praktikum im Altersheim Weiermatt in M\u00fcnchenbuchsee. Nach Abschluss meiner Ausbildung als Fachfrau Gesundheit arbeitete ich in verschiedenen Pflegeeinrichtungen, darunter die Spitex der Stadt Bern und die Stiftung f\u00fcr Betagte in Ostermundigen.<br \/>\u00a0<br \/>W\u00e4hrend meiner langj\u00e4hrigen T\u00e4tigkeiten auf dem Wochenbett im Spital Zollikerberg und in einigen Praxen f\u00fcr Gyn\u00e4kologie entdeckte ich meine Leidenschaft f\u00fcr die Arbeit mit Kindern und deren Eltern.<br \/>Parallel zu meiner beruflichen Laufbahn absolvierte ich von 2015 bis 2016 eine Ausbildung zur Arzt- und Spitalsekret\u00e4rin.<\/p>\t\t\t\t\t\t\t\t<\/div>\n\t\t\t\t<\/div>\n\t\t\t\t<\/div>\n\t\t\t\t<\/div>\n\t\t<div class=\"elementor-element elementor-element-fe36715 e-con-full e-flex e-con e-child\" data-id=\"fe36715\" data-element_type=\"container\" data-e-type=\"container\" data-settings=\"{&quot;background_background&quot;:&quot;classic&quot;}\">\n\t\t\t\t<\/div>\n\t\t\t\t<\/div>\n\t\t<div class=\"elementor-element elementor-element-3fb7319f e-flex e-con-boxed e-con e-parent\" data-id=\"3fb7319f\" data-element_type=\"container\" data-e-type=\"container\">\n\t\t\t\t\t<div class=\"e-con-inner\">\n\t\t<div class=\"elementor-element elementor-element-44ee72cf e-con-full e-flex e-con e-child\" data-id=\"44ee72cf\" data-element_type=\"container\" data-e-type=\"container\">\n\t\t\t\t<div class=\"elementor-element elementor-element-5dd4582d elementor-widget elementor-widget-heading\" data-id=\"5dd4582d\" data-element_type=\"widget\" data-e-type=\"widget\" data-widget_type=\"heading.default\">\n\t\t\t\t<div class=\"elementor-widget-container\">\n\t\t\t\t\t<h3 class=\"elementor-heading-title elementor-size-default\">Languages<\/h3>\t\t\t\t<\/div>\n\t\t\t\t<\/div>\n\t\t\t\t<div class=\"elementor-element elementor-element-b22fa5f elementor-icon-list--layout-traditional elementor-list-item-link-full_width elementor-widget elementor-widget-icon-list\" data-id=\"b22fa5f\" data-element_type=\"widget\" data-e-type=\"widget\" data-widget_type=\"icon-list.default\">\n\t\t\t\t<div class=\"elementor-widget-container\">\n\t\t\t\t\t\t\t<ul class=\"elementor-icon-list-items\">\n\t\t\t\t\t\t\t<li class=\"elementor-icon-list-item\">\n\t\t\t\t\t\t\t\t\t\t\t<span class=\"elementor-icon-list-icon\">\n\t\t\t\t\t\t\t<svg aria-hidden=\"true\" class=\"e-font-icon-svg e-fas-circle\" viewbox=\"0 0 512 512\" xmlns=\"http:\/\/www.w3.org\/2000\/svg\"><path d=\"M256 8C119 8 8 119 8 256s111 248 248 248 248-111 248-248S393 8 256 8z\"><\/path><\/svg>\t\t\t\t\t\t<\/span>\n\t\t\t\t\t\t\t\t\t\t<span class=\"elementor-icon-list-text\">German<\/span>\n\t\t\t\t\t\t\t\t\t<\/li>\n\t\t\t\t\t\t\t\t<li class=\"elementor-icon-list-item\">\n\t\t\t\t\t\t\t\t\t\t\t<span class=\"elementor-icon-list-icon\">\n\t\t\t\t\t\t\t<svg aria-hidden=\"true\" class=\"e-font-icon-svg e-fas-circle\" viewbox=\"0 0 512 512\" xmlns=\"http:\/\/www.w3.org\/2000\/svg\"><path d=\"M256 8C119 8 8 119 8 256s111 248 248 248 248-111 248-248S393 8 256 8z\"><\/path><\/svg>\t\t\t\t\t\t<\/span>\n\t\t\t\t\t\t\t\t\t\t<span class=\"elementor-icon-list-text\">English<\/span>\n\t\t\t\t\t\t\t\t\t<\/li>\n\t\t\t\t\t\t<\/ul>\n\t\t\t\t\t\t<\/div>\n\t\t\t\t<\/div>\n\t\t\t\t<\/div>\n\t\t\t\t\t<\/div>\n\t\t\t\t<\/div>\n\t\t<div class=\"elementor-element elementor-element-d1a0330 e-con-full e-flex e-con e-parent\" data-id=\"d1a0330\" data-element_type=\"container\" data-e-type=\"container\" data-settings=\"{&quot;background_background&quot;:&quot;classic&quot;}\">\n\t\t<div class=\"elementor-element elementor-element-4fee3fa e-con-full e-flex e-con e-child\" data-id=\"4fee3fa\" data-element_type=\"container\" data-e-type=\"container\">\n\t\t\t\t<div class=\"elementor-element elementor-element-475377b elementor-widget__width-initial elementor-widget elementor-widget-heading\" data-id=\"475377b\" data-element_type=\"widget\" data-e-type=\"widget\" data-widget_type=\"heading.default\">\n\t\t\t\t<div class=\"elementor-widget-container\">\n\t\t\t\t\t<h2 class=\"elementor-heading-title elementor-size-default\">We look forward to seeing you <br>and your children!<\/h2>\t\t\t\t<\/div>\n\t\t\t\t<\/div>\n\t\t<div class=\"elementor-element elementor-element-072e4e1 e-con-full e-flex e-con e-child\" data-id=\"072e4e1\" data-element_type=\"container\" data-e-type=\"container\">\n\t\t\t\t<div class=\"elementor-element elementor-element-139682a elementor-widget elementor-widget-text-editor\" data-id=\"139682a\" data-element_type=\"widget\" data-e-type=\"widget\" data-widget_type=\"text-editor.default\">\n\t\t\t\t<div class=\"elementor-widget-container\">\n\t\t\t\t\t\t\t\t\t<p>kindermedizin an der oper<br \/><span style=\"color: var( --e-global-color-text ); font-family: var( --e-global-typography-text-font-family ), Sans-serif; font-size: var( --e-global-typography-text-font-size ); font-style: var( --e-global-typography-text-font-style ); font-weight: var( --e-global-typography-text-font-weight ); letter-spacing: var( --e-global-typography-text-letter-spacing ); text-transform: var( --e-global-typography-text-text-transform ); word-spacing: var( --e-global-typography-text-word-spacing ); text-align: var(--text-align); background-color: var( --e-global-color-9670681 );\">Falkenstrasse 25<br \/><\/span><span style=\"color: var( --e-global-color-text ); font-family: var( --e-global-typography-text-font-family ), Sans-serif; font-size: var( --e-global-typography-text-font-size ); font-style: var( --e-global-typography-text-font-style ); font-weight: var( --e-global-typography-text-font-weight ); letter-spacing: var( --e-global-typography-text-letter-spacing ); text-transform: var( --e-global-typography-text-text-transform ); word-spacing: var( --e-global-typography-text-word-spacing ); text-align: var(--text-align); background-color: var( --e-global-color-9670681 );\">8008 Zurich<\/span><\/p><p>+41 44 527 30 40<\/p><p><a href=\"mailto:kindermedizin@hin.ch\">E-Mail<\/a><\/p>\t\t\t\t\t\t\t\t<\/div>\n\t\t\t\t<\/div>\n\t\t\t\t<div class=\"elementor-element elementor-element-f950f7d elementor-align-right elementor-invisible elementor-widget elementor-widget-button\" data-id=\"f950f7d\" data-element_type=\"widget\" data-e-type=\"widget\" data-settings=\"{&quot;_animation&quot;:&quot;fadeInDown&quot;}\" data-widget_type=\"button.default\">\n\t\t\t\t<div class=\"elementor-widget-container\">\n\t\t\t\t\t\t\t\t\t<div class=\"elementor-button-wrapper\">\n\t\t\t\t\t<a class=\"elementor-button elementor-button-link elementor-size-sm elementor-animation-sink\" href=\"https:\/\/www.onedoc.ch\/de\/\" target=\"_blank\">\n\t\t\t\t\t\t<span class=\"elementor-button-content-wrapper\">\n\t\t\t\t\t\t\t\t\t<span class=\"elementor-button-text\">Book now<\/span>\n\t\t\t\t\t<\/span>\n\t\t\t\t\t<\/a>\n\t\t\t\t<\/div>\n\t\t\t\t\t\t\t\t<\/div>\n\t\t\t\t<\/div>\n\t\t\t\t<\/div>\n\t\t\t\t<\/div>\n\t\t\t\t<div class=\"elementor-element elementor-element-eb0ea5d elementor-invisible elementor-widget elementor-widget-heading\" data-id=\"eb0ea5d\" data-element_type=\"widget\" data-e-type=\"widget\" data-settings=\"{&quot;_animation&quot;:&quot;fadeInUp&quot;}\" data-widget_type=\"heading.default\">\n\t\t\t\t<div class=\"elementor-widget-container\">\n\t\t\t\t\t<span class=\"elementor-heading-title elementor-size-default\"><span style=\"text-align: start\">Information<\/span><\/span>\t\t\t\t<\/div>\n\t\t\t\t<\/div>\n\t\t\t\t<\/div>\n\t\t<div class=\"elementor-element elementor-element-d733331 e-con-full e-flex e-con e-parent\" data-id=\"d733331\" data-element_type=\"container\" data-e-type=\"container\">\n\t\t<div class=\"elementor-element elementor-element-b51a83e e-con-full e-flex e-con e-child\" data-id=\"b51a83e\" data-element_type=\"container\" data-e-type=\"container\">\n\t\t<div class=\"elementor-element elementor-element-c8c3915 e-con-full e-flex e-con e-child\" data-id=\"c8c3915\" data-element_type=\"container\" data-e-type=\"container\">\n\t\t\t\t<div class=\"elementor-element elementor-element-6e7c4c2 elementor-widget elementor-widget-text-editor\" data-id=\"6e7c4c2\" data-element_type=\"widget\" data-e-type=\"widget\" data-widget_type=\"text-editor.default\">\n\t\t\t\t<div class=\"elementor-widget-container\">\n\t\t\t\t\t\t\t\t\t<p>We only use masculine or feminine forms on our website to improve readability, but we do not wish to discriminate against anyone and our wording includes everyone.<\/p><p><a href=\"http:\/\/kindermedizin-zuerich.ch\/en\/disclaimer\/\">Privacy Policy &amp; Imprint<\/a><\/p>\t\t\t\t\t\t\t\t<\/div>\n\t\t\t\t<\/div>\n\t\t\t\t<\/div>\n\t\t\t\t<\/div>\n\t\t<div class=\"elementor-element elementor-element-cb0efad e-con-full e-flex e-con e-child\" data-id=\"cb0efad\" data-element_type=\"container\" data-e-type=\"container\">\n\t\t<div class=\"elementor-element elementor-element-96d1326 e-flex e-con-boxed e-con e-child\" data-id=\"96d1326\" data-element_type=\"container\" data-e-type=\"container\">\n\t\t\t\t\t<div class=\"e-con-inner\">\n\t\t\t\t<div class=\"elementor-element elementor-element-f261ff5 e-grid-align-right elementor-shape-rounded elementor-grid-0 elementor-widget elementor-widget-social-icons\" data-id=\"f261ff5\" data-element_type=\"widget\" data-e-type=\"widget\" data-widget_type=\"social-icons.default\">\n\t\t\t\t<div class=\"elementor-widget-container\">\n\t\t\t\t\t\t\t<div class=\"elementor-social-icons-wrapper elementor-grid\">\n\t\t\t\t\t\t\t<span class=\"elementor-grid-item\">\n\t\t\t\t\t<a class=\"elementor-icon elementor-social-icon elementor-social-icon-linkedin elementor-repeater-item-ae2d109\" href=\"https:\/\/www.linkedin.com\/company\/kindermedizin\/\" target=\"_blank\">\n\t\t\t\t\t\t<span class=\"elementor-screen-only\">Linkedin<\/span>\n\t\t\t\t\t\t<svg aria-hidden=\"true\" class=\"e-font-icon-svg e-fab-linkedin\" viewbox=\"0 0 448 512\" xmlns=\"http:\/\/www.w3.org\/2000\/svg\"><path d=\"M416 32H31.9C14.3 32 0 46.5 0 64.3v383.4C0 465.5 14.3 480 31.9 480H416c17.6 0 32-14.5 32-32.3V64.3c0-17.8-14.4-32.3-32-32.3zM135.4 416H69V202.2h66.5V416zm-33.2-243c-21.3 0-38.5-17.3-38.5-38.5S80.9 96 102.2 96c21.2 0 38.5 17.3 38.5 38.5 0 21.3-17.2 38.5-38.5 38.5zm282.1 243h-66.4V312c0-24.8-.5-56.7-34.5-56.7-34.6 0-39.9 27-39.9 54.9V416h-66.4V202.2h63.7v29.2h.9c8.9-16.8 30.6-34.5 62.9-34.5 67.2 0 79.7 44.3 79.7 101.9V416z\"><\/path><\/svg>\t\t\t\t\t<\/a>\n\t\t\t\t<\/span>\n\t\t\t\t\t<\/div>\n\t\t\t\t\t\t<\/div>\n\t\t\t\t<\/div>\n\t\t\t\t\t<\/div>\n\t\t\t\t<\/div>\n\t\t\t\t<\/div>\n\t\t\t\t<\/div>\n\t\t\t\t<\/div>","protected":false},"excerpt":{"rendered":"<p>Meri Mesmeh Fachfrau Gesundheit, Arztsekret\u00e4rin Meine berufliche Reise begann mit meiner Ausbildung zur Pflegeassistentin am Inselspital in Bern, gefolgt von einem Praktikum im Altersheim Weiermatt in M\u00fcnchenbuchsee. Nach Abschluss meiner Ausbildung als Fachfrau Gesundheit arbeitete ich in verschiedenen Pflegeeinrichtungen, darunter die Spitex der Stadt Bern und die Stiftung f\u00fcr Betagte in Ostermundigen.\u00a0W\u00e4hrend meiner langj\u00e4hrigen T\u00e4tigkeiten [&hellip;]<\/p>\n","protected":false},"author":1,"featured_media":0,"parent":0,"menu_order":0,"comment_status":"closed","ping_status":"closed","template":"elementor_header_footer","meta":{"footnotes":""},"class_list":["post-1681","page","type-page","status-publish","hentry"],"yoast_head":"<!-- This site is optimized with the Yoast SEO plugin v27.4 - https:\/\/yoast.com\/product\/yoast-seo-wordpress\/ -->\n<title>Teammember Mesmeh | kindermedizin an der oper<\/title>\n<meta name=\"robots\" content=\"index, follow, max-snippet:-1, max-image-preview:large, max-video-preview:-1\" \/>\n<link rel=\"canonical\" href=\"https:\/\/kindermedizin-zuerich.ch\/en\/teammember_mesmeh\/\" \/>\n<meta property=\"og:locale\" content=\"en_US\" \/>\n<meta property=\"og:type\" content=\"article\" \/>\n<meta property=\"og:title\" content=\"Teammember Mesmeh | kindermedizin an der oper\" \/>\n<meta property=\"og:description\" content=\"Meri Mesmeh Fachfrau Gesundheit, Arztsekret\u00e4rin Meine berufliche Reise begann mit meiner Ausbildung zur Pflegeassistentin am Inselspital in Bern, gefolgt von einem Praktikum im Altersheim Weiermatt in M\u00fcnchenbuchsee. Nach Abschluss meiner Ausbildung als Fachfrau Gesundheit arbeitete ich in verschiedenen Pflegeeinrichtungen, darunter die Spitex der Stadt Bern und die Stiftung f\u00fcr Betagte in Ostermundigen.\u00a0W\u00e4hrend meiner langj\u00e4hrigen T\u00e4tigkeiten [&hellip;]\" \/>\n<meta property=\"og:url\" content=\"https:\/\/kindermedizin-zuerich.ch\/en\/teammember_mesmeh\/\" \/>\n<meta property=\"og:site_name\" content=\"kindermedizin an der oper\" \/>\n<meta property=\"article:modified_time\" content=\"2024-05-23T10:07:05+00:00\" \/>\n<meta property=\"og:image\" content=\"https:\/\/kindermedizin-zuerich.ch\/wp-content\/uploads\/2024\/01\/kindermedizin-an-der-oper_OG.png\" \/>\n\t<meta property=\"og:image:width\" content=\"1200\" \/>\n\t<meta property=\"og:image:height\" content=\"675\" \/>\n\t<meta property=\"og:image:type\" content=\"image\/png\" \/>\n<meta name=\"twitter:card\" content=\"summary_large_image\" \/>\n<meta name=\"twitter:label1\" content=\"Est. reading time\" \/>\n\t<meta name=\"twitter:data1\" content=\"1 minute\" \/>\n<script type=\"application\/ld+json\" class=\"yoast-schema-graph\">{\"@context\":\"https:\\\/\\\/schema.org\",\"@graph\":[{\"@type\":\"WebPage\",\"@id\":\"https:\\\/\\\/kindermedizin-zuerich.ch\\\/teammember_mesmeh\\\/\",\"url\":\"https:\\\/\\\/kindermedizin-zuerich.ch\\\/teammember_mesmeh\\\/\",\"name\":\"Teammember Mesmeh | kindermedizin an der oper\",\"isPartOf\":{\"@id\":\"https:\\\/\\\/kindermedizin-zuerich.ch\\\/#website\"},\"datePublished\":\"2024-04-16T09:47:38+00:00\",\"dateModified\":\"2024-05-23T10:07:05+00:00\",\"breadcrumb\":{\"@id\":\"https:\\\/\\\/kindermedizin-zuerich.ch\\\/teammember_mesmeh\\\/#breadcrumb\"},\"inLanguage\":\"en-US\",\"potentialAction\":[{\"@type\":\"ReadAction\",\"target\":[\"https:\\\/\\\/kindermedizin-zuerich.ch\\\/teammember_mesmeh\\\/\"]}]},{\"@type\":\"BreadcrumbList\",\"@id\":\"https:\\\/\\\/kindermedizin-zuerich.ch\\\/teammember_mesmeh\\\/#breadcrumb\",\"itemListElement\":[{\"@type\":\"ListItem\",\"position\":1,\"name\":\"Home\",\"item\":\"https:\\\/\\\/kindermedizin-zuerich.ch\\\/\"},{\"@type\":\"ListItem\",\"position\":2,\"name\":\"Teammember Mesmeh\"}]},{\"@type\":\"WebSite\",\"@id\":\"https:\\\/\\\/kindermedizin-zuerich.ch\\\/#website\",\"url\":\"https:\\\/\\\/kindermedizin-zuerich.ch\\\/\",\"name\":\"kindermedizin an der oper\",\"description\":\"Die neue Kinderarzt-Praxis am Bahnhof Stadelhofen in Z\u00fcrich\",\"publisher\":{\"@id\":\"https:\\\/\\\/kindermedizin-zuerich.ch\\\/#organization\"},\"potentialAction\":[{\"@type\":\"SearchAction\",\"target\":{\"@type\":\"EntryPoint\",\"urlTemplate\":\"https:\\\/\\\/kindermedizin-zuerich.ch\\\/?s={search_term_string}\"},\"query-input\":{\"@type\":\"PropertyValueSpecification\",\"valueRequired\":true,\"valueName\":\"search_term_string\"}}],\"inLanguage\":\"en-US\"},{\"@type\":\"Organization\",\"@id\":\"https:\\\/\\\/kindermedizin-zuerich.ch\\\/#organization\",\"name\":\"kindermedizin an der oper\",\"url\":\"https:\\\/\\\/kindermedizin-zuerich.ch\\\/\",\"logo\":{\"@type\":\"ImageObject\",\"inLanguage\":\"en-US\",\"@id\":\"https:\\\/\\\/kindermedizin-zuerich.ch\\\/#\\\/schema\\\/logo\\\/image\\\/\",\"url\":\"https:\\\/\\\/kindermedizin-zuerich.ch\\\/wp-content\\\/uploads\\\/2023\\\/10\\\/KM_Logo_an-der-Oper_bunt-RGB-2.png\",\"contentUrl\":\"https:\\\/\\\/kindermedizin-zuerich.ch\\\/wp-content\\\/uploads\\\/2023\\\/10\\\/KM_Logo_an-der-Oper_bunt-RGB-2.png\",\"width\":471,\"height\":200,\"caption\":\"kindermedizin an der oper\"},\"image\":{\"@id\":\"https:\\\/\\\/kindermedizin-zuerich.ch\\\/#\\\/schema\\\/logo\\\/image\\\/\"}}]}<\/script>\n<!-- \/ Yoast SEO plugin. -->","yoast_head_json":{"title":"Teammember Mesmeh | kindermedizin an der oper","robots":{"index":"index","follow":"follow","max-snippet":"max-snippet:-1","max-image-preview":"max-image-preview:large","max-video-preview":"max-video-preview:-1"},"canonical":"https:\/\/kindermedizin-zuerich.ch\/en\/teammember_mesmeh\/","og_locale":"en_US","og_type":"article","og_title":"Teammember Mesmeh | kindermedizin an der oper","og_description":"Meri Mesmeh Fachfrau Gesundheit, Arztsekret\u00e4rin Meine berufliche Reise begann mit meiner Ausbildung zur Pflegeassistentin am Inselspital in Bern, gefolgt von einem Praktikum im Altersheim Weiermatt in M\u00fcnchenbuchsee. Nach Abschluss meiner Ausbildung als Fachfrau Gesundheit arbeitete ich in verschiedenen Pflegeeinrichtungen, darunter die Spitex der Stadt Bern und die Stiftung f\u00fcr Betagte in Ostermundigen.\u00a0W\u00e4hrend meiner langj\u00e4hrigen T\u00e4tigkeiten [&hellip;]","og_url":"https:\/\/kindermedizin-zuerich.ch\/en\/teammember_mesmeh\/","og_site_name":"kindermedizin an der oper","article_modified_time":"2024-05-23T10:07:05+00:00","og_image":[{"width":1200,"height":675,"url":"https:\/\/kindermedizin-zuerich.ch\/wp-content\/uploads\/2024\/01\/kindermedizin-an-der-oper_OG.png","type":"image\/png"}],"twitter_card":"summary_large_image","twitter_misc":{"Est. reading time":"1 minute"},"schema":{"@context":"https:\/\/schema.org","@graph":[{"@type":"WebPage","@id":"https:\/\/kindermedizin-zuerich.ch\/teammember_mesmeh\/","url":"https:\/\/kindermedizin-zuerich.ch\/teammember_mesmeh\/","name":"Teammember Mesmeh | kindermedizin an der oper","isPartOf":{"@id":"https:\/\/kindermedizin-zuerich.ch\/#website"},"datePublished":"2024-04-16T09:47:38+00:00","dateModified":"2024-05-23T10:07:05+00:00","breadcrumb":{"@id":"https:\/\/kindermedizin-zuerich.ch\/teammember_mesmeh\/#breadcrumb"},"inLanguage":"en-US","potentialAction":[{"@type":"ReadAction","target":["https:\/\/kindermedizin-zuerich.ch\/teammember_mesmeh\/"]}]},{"@type":"BreadcrumbList","@id":"https:\/\/kindermedizin-zuerich.ch\/teammember_mesmeh\/#breadcrumb","itemListElement":[{"@type":"ListItem","position":1,"name":"Home","item":"https:\/\/kindermedizin-zuerich.ch\/"},{"@type":"ListItem","position":2,"name":"Teammember Mesmeh"}]},{"@type":"WebSite","@id":"https:\/\/kindermedizin-zuerich.ch\/#website","url":"https:\/\/kindermedizin-zuerich.ch\/","name":"kindermedizin an der oper","description":"Die neue Kinderarzt-Praxis am Bahnhof Stadelhofen in Z\u00fcrich","publisher":{"@id":"https:\/\/kindermedizin-zuerich.ch\/#organization"},"potentialAction":[{"@type":"SearchAction","target":{"@type":"EntryPoint","urlTemplate":"https:\/\/kindermedizin-zuerich.ch\/?s={search_term_string}"},"query-input":{"@type":"PropertyValueSpecification","valueRequired":true,"valueName":"search_term_string"}}],"inLanguage":"en-US"},{"@type":"Organization","@id":"https:\/\/kindermedizin-zuerich.ch\/#organization","name":"kindermedizin an der oper","url":"https:\/\/kindermedizin-zuerich.ch\/","logo":{"@type":"ImageObject","inLanguage":"en-US","@id":"https:\/\/kindermedizin-zuerich.ch\/#\/schema\/logo\/image\/","url":"https:\/\/kindermedizin-zuerich.ch\/wp-content\/uploads\/2023\/10\/KM_Logo_an-der-Oper_bunt-RGB-2.png","contentUrl":"https:\/\/kindermedizin-zuerich.ch\/wp-content\/uploads\/2023\/10\/KM_Logo_an-der-Oper_bunt-RGB-2.png","width":471,"height":200,"caption":"kindermedizin an der oper"},"image":{"@id":"https:\/\/kindermedizin-zuerich.ch\/#\/schema\/logo\/image\/"}}]}},"_links":{"self":[{"href":"https:\/\/kindermedizin-zuerich.ch\/en\/wp-json\/wp\/v2\/pages\/1681","targetHints":{"allow":["GET"]}}],"collection":[{"href":"https:\/\/kindermedizin-zuerich.ch\/en\/wp-json\/wp\/v2\/pages"}],"about":[{"href":"https:\/\/kindermedizin-zuerich.ch\/en\/wp-json\/wp\/v2\/types\/page"}],"author":[{"embeddable":true,"href":"https:\/\/kindermedizin-zuerich.ch\/en\/wp-json\/wp\/v2\/users\/1"}],"replies":[{"embeddable":true,"href":"https:\/\/kindermedizin-zuerich.ch\/en\/wp-json\/wp\/v2\/comments?post=1681"}],"version-history":[{"count":10,"href":"https:\/\/kindermedizin-zuerich.ch\/en\/wp-json\/wp\/v2\/pages\/1681\/revisions"}],"predecessor-version":[{"id":1840,"href":"https:\/\/kindermedizin-zuerich.ch\/en\/wp-json\/wp\/v2\/pages\/1681\/revisions\/1840"}],"wp:attachment":[{"href":"https:\/\/kindermedizin-zuerich.ch\/en\/wp-json\/wp\/v2\/media?parent=1681"}],"curies":[{"name":"wp","href":"https:\/\/api.w.org\/{rel}","templated":true}]}}