{"id":13,"date":"2023-10-13T16:02:40","date_gmt":"2023-10-13T16:02:40","guid":{"rendered":"https:\/\/kindermedizin-zuerich.ch\/contact-us\/"},"modified":"2025-10-17T15:03:26","modified_gmt":"2025-10-17T15:03:26","slug":"kontakt","status":"publish","type":"page","link":"https:\/\/kindermedizin-zuerich.ch\/en\/kontakt\/","title":{"rendered":"Contact"},"content":{"rendered":"<div data-elementor-type=\"wp-page\" data-elementor-id=\"13\" class=\"elementor elementor-13\" data-elementor-post-type=\"page\">\n\t\t\t\t<div class=\"elementor-element elementor-element-a980af9 e-con-full e-flex e-con e-parent\" data-id=\"a980af9\" data-element_type=\"container\" data-e-type=\"container\">\n\t\t<div class=\"elementor-element elementor-element-3051bf0 e-con-full e-flex e-con e-child\" data-id=\"3051bf0\" data-element_type=\"container\" data-e-type=\"container\">\n\t\t<div class=\"elementor-element elementor-element-359fbf5 e-con-full e-flex e-con e-child\" data-id=\"359fbf5\" data-element_type=\"container\" data-e-type=\"container\">\n\t\t\t\t<div class=\"elementor-element elementor-element-5f6ea6b elementor-widget elementor-widget-heading\" data-id=\"5f6ea6b\" data-element_type=\"widget\" data-e-type=\"widget\" data-widget_type=\"heading.default\">\n\t\t\t\t<div class=\"elementor-widget-container\">\n\t\t\t\t\t<h1 class=\"elementor-heading-title elementor-size-default\">We have open doors and ears for you and your children.<\/h1>\t\t\t\t<\/div>\n\t\t\t\t<\/div>\n\t\t\t\t<div class=\"elementor-element elementor-element-01f227f elementor-widget__width-initial elementor-invisible elementor-widget elementor-widget-text-editor\" data-id=\"01f227f\" data-element_type=\"widget\" data-e-type=\"widget\" data-settings=\"{&quot;_animation&quot;:&quot;fadeInDown&quot;}\" data-widget_type=\"text-editor.default\">\n\t\t\t\t<div class=\"elementor-widget-container\">\n\t\t\t\t\t\t\t\t\t<p class=\"translation-block\">Our practice is located on the third and fourth floors above the <a href=\"https:\/\/www.apothekestadelhofen.ch\/\" target=\"_blank\" rel=\"noopener\">Dr. Andres Pharmacy<\/a>. The lift, which is big enough for a pram, will take you to the reception on the fourth floor.<\/p>\t\t\t\t\t\t\t\t<\/div>\n\t\t\t\t<\/div>\n\t\t\t\t<\/div>\n\t\t<div class=\"elementor-element elementor-element-afa84bc e-con-full e-flex e-con e-child\" data-id=\"afa84bc\" data-element_type=\"container\" data-e-type=\"container\">\n\t\t\t\t<div class=\"elementor-element elementor-element-7fff01a elementor-widget__width-initial elementor-widget-mobile__width-inherit elementor-widget elementor-widget-icon-box\" data-id=\"7fff01a\" data-element_type=\"widget\" data-e-type=\"widget\" data-widget_type=\"icon-box.default\">\n\t\t\t\t<div class=\"elementor-widget-container\">\n\t\t\t\t\t\t\t<div class=\"elementor-icon-box-wrapper\">\n\n\t\t\t\n\t\t\t\t\t\t<div class=\"elementor-icon-box-content\">\n\n\t\t\t\t\t\t\t\t\t<h3 class=\"elementor-icon-box-title\">\n\t\t\t\t\t\t<a href=\"https:\/\/maps.app.goo.gl\/zMjxXBH4sySGfSwB9\" target=\"_blank\" >\n\t\t\t\t\t\t\tAddress\t\t\t\t\t\t<\/a>\n\t\t\t\t\t<\/h3>\n\t\t\t\t\n\t\t\t\t\t\t\t\t\t<p class=\"elementor-icon-box-description\">\n\t\t\t\t\t\tFalkenstrasse 25 <br>\n8008 Zurich\t\t\t\t\t<\/p>\n\t\t\t\t\n\t\t\t<\/div>\n\t\t\t\n\t\t<\/div>\n\t\t\t\t\t\t<\/div>\n\t\t\t\t<\/div>\n\t\t\t\t<div class=\"elementor-element elementor-element-e287ae6 elementor-widget__width-initial elementor-widget-mobile__width-inherit elementor-widget elementor-widget-icon-box\" data-id=\"e287ae6\" data-element_type=\"widget\" data-e-type=\"widget\" data-widget_type=\"icon-box.default\">\n\t\t\t\t<div class=\"elementor-widget-container\">\n\t\t\t\t\t\t\t<div class=\"elementor-icon-box-wrapper\">\n\n\t\t\t\n\t\t\t\t\t\t<div class=\"elementor-icon-box-content\">\n\n\t\t\t\t\t\t\t\t\t<h3 class=\"elementor-icon-box-title\">\n\t\t\t\t\t\t<span  >\n\t\t\t\t\t\t\tContact\t\t\t\t\t\t<\/span>\n\t\t\t\t\t<\/h3>\n\t\t\t\t\n\t\t\t\t\t\t\t\t\t<p class=\"elementor-icon-box-description\">\n\t\t\t\t\t\t044 527 30 40<br><a href=\"mailto:kindermedizin@hin.ch\">E-Mail<\/a>\t\t\t\t\t<\/p>\n\t\t\t\t\n\t\t\t<\/div>\n\t\t\t\n\t\t<\/div>\n\t\t\t\t\t\t<\/div>\n\t\t\t\t<\/div>\n\t\t\t\t<div class=\"elementor-element elementor-element-c827b2a elementor-widget__width-initial elementor-widget-mobile__width-inherit elementor-widget elementor-widget-icon-box\" data-id=\"c827b2a\" data-element_type=\"widget\" data-e-type=\"widget\" data-widget_type=\"icon-box.default\">\n\t\t\t\t<div class=\"elementor-widget-container\">\n\t\t\t\t\t\t\t<div class=\"elementor-icon-box-wrapper\">\n\n\t\t\t\n\t\t\t\t\t\t<div class=\"elementor-icon-box-content\">\n\n\t\t\t\t\t\t\t\t\t<h3 class=\"elementor-icon-box-title\">\n\t\t\t\t\t\t<span  >\n\t\t\t\t\t\t\tOpening hours\t\t\t\t\t\t<\/span>\n\t\t\t\t\t<\/h3>\n\t\t\t\t\n\t\t\t\t\t\t\t\t\t<p class=\"elementor-icon-box-description\">\n\t\t\t\t\t\tMonday - Friday:\n<br>08:00 - 17.00 Uhr<br>\t\t\t\t\t<\/p>\n\t\t\t\t\n\t\t\t<\/div>\n\t\t\t\n\t\t<\/div>\n\t\t\t\t\t\t<\/div>\n\t\t\t\t<\/div>\n\t\t\t\t<\/div>\n\t\t\t\t<\/div>\n\t\t\t\t<div class=\"elementor-element elementor-element-7857909 elementor-widget elementor-widget-google_maps\" data-id=\"7857909\" data-element_type=\"widget\" data-e-type=\"widget\" data-widget_type=\"google_maps.default\">\n\t\t\t\t<div class=\"elementor-widget-container\">\n\t\t\t\t\t\t\t<div class=\"elementor-custom-embed\">\n\t\t\t<iframe loading=\"lazy\"\n\t\t\t\t\tsrc=\"https:\/\/maps.google.com\/maps?q=Falkenstrasse%2025%2C%208008%20Z%C3%BCrich&#038;t=m&#038;z=15&#038;output=embed&#038;iwloc=near\"\n\t\t\t\t\ttitle=\"Falkenstrasse 25, 8008 Z\u00fcrich\"\n\t\t\t\t\taria-label=\"Falkenstrasse 25, 8008 Z\u00fcrich\"\n\t\t\t><\/iframe>\n\t\t<\/div>\n\t\t\t\t\t\t<\/div>\n\t\t\t\t<\/div>\n\t\t\t\t<\/div>\n\t\t<div class=\"elementor-element elementor-element-579899a5 e-con-full e-flex e-con e-parent\" data-id=\"579899a5\" data-element_type=\"container\" data-e-type=\"container\">\n\t\t<div class=\"elementor-element elementor-element-630f73e2 e-con-full e-flex e-con e-child\" data-id=\"630f73e2\" data-element_type=\"container\" data-e-type=\"container\" data-settings=\"{&quot;background_background&quot;:&quot;classic&quot;}\">\n\t\t\t\t<\/div>\n\t\t<div class=\"elementor-element elementor-element-6cc7aead e-con-full e-flex e-con e-child\" data-id=\"6cc7aead\" data-element_type=\"container\" data-e-type=\"container\">\n\t\t\t\t<div class=\"elementor-element elementor-element-76b87efe elementor-widget elementor-widget-heading\" data-id=\"76b87efe\" data-element_type=\"widget\" data-e-type=\"widget\" data-widget_type=\"heading.default\">\n\t\t\t\t<div class=\"elementor-widget-container\">\n\t\t\t\t\t<span class=\"elementor-heading-title elementor-size-default\">How to find us<\/span>\t\t\t\t<\/div>\n\t\t\t\t<\/div>\n\t\t<div class=\"elementor-element elementor-element-55bb79bc e-con-full e-flex e-con e-child\" data-id=\"55bb79bc\" data-element_type=\"container\" data-e-type=\"container\">\n\t\t\t\t<div class=\"elementor-element elementor-element-358f3cbf elementor-widget elementor-widget-heading\" data-id=\"358f3cbf\" data-element_type=\"widget\" data-e-type=\"widget\" data-widget_type=\"heading.default\">\n\t\t\t\t<div class=\"elementor-widget-container\">\n\t\t\t\t\t<h2 class=\"elementor-heading-title elementor-size-default\">Central location<\/h2>\t\t\t\t<\/div>\n\t\t\t\t<\/div>\n\t\t\t\t<div class=\"elementor-element elementor-element-c4e89ff elementor-widget__width-initial elementor-widget elementor-widget-text-editor\" data-id=\"c4e89ff\" data-element_type=\"widget\" data-e-type=\"widget\" data-widget_type=\"text-editor.default\">\n\t\t\t\t<div class=\"elementor-widget-container\">\n\t\t\t\t\t\t\t\t\t<p>Kindermedizin an der oper is located at a central transport hub in Zurich and is particularly easy to reach by bus and train.<\/p><p class=\"translation-block\">The <a href=\"https:\/\/maps.app.goo.gl\/G6o1dGK73P57FAeH6\" target=\"_blank\" rel=\"noopener\">Stadelhofen<\/a>, <a href=\"https:\/\/maps.app.goo.gl\/hCnVfUUUYCs37TP4A\" target=\"_blank\" rel=\"noopener\">Opernhaus<\/a> and <a href=\"https:\/\/maps.app.goo.gl\/Ui38C9uKAfgqP4d76\" target=\"_blank\" rel=\"noopener\">Bellevue<\/a> stops are within walking distance of the practice. We recommend travelling by public transport.<\/p><p class=\"translation-block\">There are several car parking availabilities in the immediate area (blue and white zone). The <a href=\"https:\/\/maps.app.goo.gl\/iPT9iYyZrBGLANTa6\" target=\"_blank\" rel=\"noopener\">Parkhaus Op\u00e9ra<\/a>  is only a few steps away.<\/p>\t\t\t\t\t\t\t\t<\/div>\n\t\t\t\t<\/div>\n\t\t\t\t<\/div>\n\t\t\t\t<\/div>\n\t\t\t\t<\/div>\n\t\t<div class=\"elementor-element elementor-element-ef35d21 e-flex e-con-boxed e-con e-parent\" data-id=\"ef35d21\" data-element_type=\"container\" data-e-type=\"container\">\n\t\t\t\t\t<div class=\"e-con-inner\">\n\t\t\t\t\t<\/div>\n\t\t\t\t<\/div>\n\t\t<div class=\"elementor-element elementor-element-fbc2cd9 e-con-full e-flex e-con e-parent\" data-id=\"fbc2cd9\" data-element_type=\"container\" data-e-type=\"container\" data-settings=\"{&quot;background_background&quot;:&quot;classic&quot;}\">\n\t\t<div class=\"elementor-element elementor-element-14eae5a e-con-full e-flex e-con e-child\" data-id=\"14eae5a\" data-element_type=\"container\" data-e-type=\"container\">\n\t\t\t\t<div class=\"elementor-element elementor-element-d349067 elementor-widget__width-initial elementor-widget elementor-widget-heading\" data-id=\"d349067\" data-element_type=\"widget\" data-e-type=\"widget\" data-widget_type=\"heading.default\">\n\t\t\t\t<div class=\"elementor-widget-container\">\n\t\t\t\t\t<h2 class=\"elementor-heading-title elementor-size-default\">We look forward to seeing you <br>and your children!<\/h2>\t\t\t\t<\/div>\n\t\t\t\t<\/div>\n\t\t<div class=\"elementor-element elementor-element-9b914ab e-con-full e-flex e-con e-child\" data-id=\"9b914ab\" data-element_type=\"container\" data-e-type=\"container\">\n\t\t\t\t<div class=\"elementor-element elementor-element-437ef01 elementor-widget elementor-widget-text-editor\" data-id=\"437ef01\" data-element_type=\"widget\" data-e-type=\"widget\" data-widget_type=\"text-editor.default\">\n\t\t\t\t<div class=\"elementor-widget-container\">\n\t\t\t\t\t\t\t\t\t<p>kindermedizin an der oper<br \/><span style=\"color: var( --e-global-color-text ); font-family: var( --e-global-typography-text-font-family ), Sans-serif; font-size: var( --e-global-typography-text-font-size ); font-style: var( --e-global-typography-text-font-style ); font-weight: var( --e-global-typography-text-font-weight ); letter-spacing: var( --e-global-typography-text-letter-spacing ); text-transform: var( --e-global-typography-text-text-transform ); word-spacing: var( --e-global-typography-text-word-spacing ); text-align: var(--text-align); background-color: var( --e-global-color-9670681 );\">Falkenstrasse 25<br \/><\/span><span style=\"color: var( --e-global-color-text ); font-family: var( --e-global-typography-text-font-family ), Sans-serif; font-size: var( --e-global-typography-text-font-size ); font-style: var( --e-global-typography-text-font-style ); font-weight: var( --e-global-typography-text-font-weight ); letter-spacing: var( --e-global-typography-text-letter-spacing ); text-transform: var( --e-global-typography-text-text-transform ); word-spacing: var( --e-global-typography-text-word-spacing ); text-align: var(--text-align); background-color: var( --e-global-color-9670681 );\">8008 Zurich\u00a0<br \/><\/span>+41 44 527 30 40<\/p><p><a href=\"mailto:kindermedizin@hin.ch\">E-Mail<\/a><\/p>\t\t\t\t\t\t\t\t<\/div>\n\t\t\t\t<\/div>\n\t\t\t\t<div class=\"elementor-element elementor-element-b64e68d elementor-align-right elementor-invisible elementor-widget elementor-widget-button\" data-id=\"b64e68d\" data-element_type=\"widget\" data-e-type=\"widget\" data-settings=\"{&quot;_animation&quot;:&quot;fadeInDown&quot;}\" data-widget_type=\"button.default\">\n\t\t\t\t<div class=\"elementor-widget-container\">\n\t\t\t\t\t\t\t\t\t<div class=\"elementor-button-wrapper\">\n\t\t\t\t\t<a class=\"elementor-button elementor-button-link elementor-size-sm elementor-animation-sink\" href=\"https:\/\/online-termine.app\/v3\/kindermedizin\/filter-locations\/2\/preselect-location\/2\" target=\"_blank\">\n\t\t\t\t\t\t<span class=\"elementor-button-content-wrapper\">\n\t\t\t\t\t\t\t\t\t<span class=\"elementor-button-text\">Book now<\/span>\n\t\t\t\t\t<\/span>\n\t\t\t\t\t<\/a>\n\t\t\t\t<\/div>\n\t\t\t\t\t\t\t\t<\/div>\n\t\t\t\t<\/div>\n\t\t\t\t<\/div>\n\t\t\t\t<\/div>\n\t\t\t\t<div class=\"elementor-element elementor-element-b0a5d32 elementor-invisible elementor-widget elementor-widget-heading\" data-id=\"b0a5d32\" data-element_type=\"widget\" data-e-type=\"widget\" data-settings=\"{&quot;_animation&quot;:&quot;fadeInUp&quot;}\" data-widget_type=\"heading.default\">\n\t\t\t\t<div class=\"elementor-widget-container\">\n\t\t\t\t\t<span class=\"elementor-heading-title elementor-size-default\"><span style=\"text-align: start\">Information<\/span><\/span>\t\t\t\t<\/div>\n\t\t\t\t<\/div>\n\t\t\t\t<\/div>\n\t\t<div class=\"elementor-element elementor-element-f02598d e-con-full e-flex e-con e-parent\" data-id=\"f02598d\" data-element_type=\"container\" data-e-type=\"container\">\n\t\t<div class=\"elementor-element elementor-element-b1f94cc e-con-full e-flex e-con e-child\" data-id=\"b1f94cc\" data-element_type=\"container\" data-e-type=\"container\">\n\t\t<div class=\"elementor-element elementor-element-6308204 e-con-full e-flex e-con e-child\" data-id=\"6308204\" data-element_type=\"container\" data-e-type=\"container\">\n\t\t\t\t<div class=\"elementor-element elementor-element-1974c19 elementor-widget elementor-widget-text-editor\" data-id=\"1974c19\" data-element_type=\"widget\" data-e-type=\"widget\" data-widget_type=\"text-editor.default\">\n\t\t\t\t<div class=\"elementor-widget-container\">\n\t\t\t\t\t\t\t\t\t<p>We only use masculine or feminine forms on our website to improve readability, but we do not wish to discriminate against anyone and our wording includes everyone.<\/p><p><a href=\"http:\/\/kindermedizin-zuerich.ch\/en\/disclaimer\/\">Privacy Policy &amp; Imprint<\/a><\/p>\t\t\t\t\t\t\t\t<\/div>\n\t\t\t\t<\/div>\n\t\t\t\t<\/div>\n\t\t\t\t<\/div>\n\t\t<div class=\"elementor-element elementor-element-3159ee9 e-con-full e-flex e-con e-child\" data-id=\"3159ee9\" data-element_type=\"container\" data-e-type=\"container\">\n\t\t<div class=\"elementor-element elementor-element-3b87f62 e-flex e-con-boxed e-con e-child\" data-id=\"3b87f62\" data-element_type=\"container\" data-e-type=\"container\">\n\t\t\t\t\t<div class=\"e-con-inner\">\n\t\t\t\t<div class=\"elementor-element elementor-element-3ecc286 e-grid-align-right elementor-shape-rounded elementor-grid-0 elementor-widget elementor-widget-social-icons\" data-id=\"3ecc286\" data-element_type=\"widget\" data-e-type=\"widget\" data-widget_type=\"social-icons.default\">\n\t\t\t\t<div class=\"elementor-widget-container\">\n\t\t\t\t\t\t\t<div class=\"elementor-social-icons-wrapper elementor-grid\">\n\t\t\t\t\t\t\t<span class=\"elementor-grid-item\">\n\t\t\t\t\t<a class=\"elementor-icon elementor-social-icon elementor-social-icon-linkedin elementor-repeater-item-ae2d109\" href=\"https:\/\/www.linkedin.com\/company\/kindermedizin\/\" target=\"_blank\">\n\t\t\t\t\t\t<span class=\"elementor-screen-only\">Linkedin<\/span>\n\t\t\t\t\t\t<svg aria-hidden=\"true\" class=\"e-font-icon-svg e-fab-linkedin\" viewbox=\"0 0 448 512\" xmlns=\"http:\/\/www.w3.org\/2000\/svg\"><path d=\"M416 32H31.9C14.3 32 0 46.5 0 64.3v383.4C0 465.5 14.3 480 31.9 480H416c17.6 0 32-14.5 32-32.3V64.3c0-17.8-14.4-32.3-32-32.3zM135.4 416H69V202.2h66.5V416zm-33.2-243c-21.3 0-38.5-17.3-38.5-38.5S80.9 96 102.2 96c21.2 0 38.5 17.3 38.5 38.5 0 21.3-17.2 38.5-38.5 38.5zm282.1 243h-66.4V312c0-24.8-.5-56.7-34.5-56.7-34.6 0-39.9 27-39.9 54.9V416h-66.4V202.2h63.7v29.2h.9c8.9-16.8 30.6-34.5 62.9-34.5 67.2 0 79.7 44.3 79.7 101.9V416z\"><\/path><\/svg>\t\t\t\t\t<\/a>\n\t\t\t\t<\/span>\n\t\t\t\t\t<\/div>\n\t\t\t\t\t\t<\/div>\n\t\t\t\t<\/div>\n\t\t\t\t\t<\/div>\n\t\t\t\t<\/div>\n\t\t\t\t<\/div>\n\t\t\t\t<\/div>\n\t\t\t\t<\/div>","protected":false},"excerpt":{"rendered":"<p>Wir haben offene T\u00fcren und Ohren f\u00fcr Sie und Ihre Kinder. Unsere Praxis befindet sich in der dritten und vierten Etage \u00fcber der Dr. Andres Apotheke. Mit dem Lift, der gross genug ist f\u00fcr einen Kinderwagen, gelangen Sie zum Empfang im vierten Stock. Adresse Falkenstrasse 25 8008 Z\u00fcrich Kontakt 044 527 30 40E-Mail \u00d6ffnungszeiten Montag [&hellip;]<\/p>\n","protected":false},"author":1,"featured_media":0,"parent":0,"menu_order":0,"comment_status":"closed","ping_status":"closed","template":"elementor_header_footer","meta":{"footnotes":""},"class_list":["post-13","page","type-page","status-publish","hentry"],"yoast_head":"<!-- This site is optimized with the Yoast SEO plugin v27.3 - https:\/\/yoast.com\/product\/yoast-seo-wordpress\/ -->\n<title>Kontakt | kindermedizin an der oper<\/title>\n<meta name=\"robots\" content=\"index, follow, max-snippet:-1, max-image-preview:large, max-video-preview:-1\" \/>\n<link rel=\"canonical\" href=\"https:\/\/kindermedizin-zuerich.ch\/en\/kontakt\/\" \/>\n<meta property=\"og:locale\" content=\"en_US\" \/>\n<meta property=\"og:type\" content=\"article\" \/>\n<meta property=\"og:title\" content=\"Kontakt | kindermedizin an der oper\" \/>\n<meta property=\"og:description\" content=\"Wir haben offene T\u00fcren und Ohren f\u00fcr Sie und Ihre Kinder. Unsere Praxis befindet sich in der dritten und vierten Etage \u00fcber der Dr. Andres Apotheke. Mit dem Lift, der gross genug ist f\u00fcr einen Kinderwagen, gelangen Sie zum Empfang im vierten Stock. Adresse Falkenstrasse 25 8008 Z\u00fcrich Kontakt 044 527 30 40E-Mail \u00d6ffnungszeiten Montag [&hellip;]\" \/>\n<meta property=\"og:url\" content=\"https:\/\/kindermedizin-zuerich.ch\/en\/kontakt\/\" \/>\n<meta property=\"og:site_name\" content=\"kindermedizin an der oper\" \/>\n<meta property=\"article:modified_time\" content=\"2025-10-17T15:03:26+00:00\" \/>\n<meta property=\"og:image\" content=\"https:\/\/kindermedizin-zuerich.ch\/wp-content\/uploads\/2024\/01\/kindermedizin-an-der-oper_OG.png\" \/>\n\t<meta property=\"og:image:width\" content=\"1200\" \/>\n\t<meta property=\"og:image:height\" content=\"675\" \/>\n\t<meta property=\"og:image:type\" content=\"image\/png\" \/>\n<meta name=\"twitter:card\" content=\"summary_large_image\" \/>\n<meta name=\"twitter:label1\" content=\"Est. reading time\" \/>\n\t<meta name=\"twitter:data1\" content=\"1 minute\" \/>\n<script type=\"application\/ld+json\" class=\"yoast-schema-graph\">{\"@context\":\"https:\\\/\\\/schema.org\",\"@graph\":[{\"@type\":\"WebPage\",\"@id\":\"https:\\\/\\\/kindermedizin-zuerich.ch\\\/kontakt\\\/\",\"url\":\"https:\\\/\\\/kindermedizin-zuerich.ch\\\/kontakt\\\/\",\"name\":\"Kontakt | kindermedizin an der oper\",\"isPartOf\":{\"@id\":\"https:\\\/\\\/kindermedizin-zuerich.ch\\\/#website\"},\"datePublished\":\"2023-10-13T16:02:40+00:00\",\"dateModified\":\"2025-10-17T15:03:26+00:00\",\"breadcrumb\":{\"@id\":\"https:\\\/\\\/kindermedizin-zuerich.ch\\\/kontakt\\\/#breadcrumb\"},\"inLanguage\":\"en-US\",\"potentialAction\":[{\"@type\":\"ReadAction\",\"target\":[\"https:\\\/\\\/kindermedizin-zuerich.ch\\\/kontakt\\\/\"]}]},{\"@type\":\"BreadcrumbList\",\"@id\":\"https:\\\/\\\/kindermedizin-zuerich.ch\\\/kontakt\\\/#breadcrumb\",\"itemListElement\":[{\"@type\":\"ListItem\",\"position\":1,\"name\":\"Home\",\"item\":\"https:\\\/\\\/kindermedizin-zuerich.ch\\\/\"},{\"@type\":\"ListItem\",\"position\":2,\"name\":\"Kontakt\"}]},{\"@type\":\"WebSite\",\"@id\":\"https:\\\/\\\/kindermedizin-zuerich.ch\\\/#website\",\"url\":\"https:\\\/\\\/kindermedizin-zuerich.ch\\\/\",\"name\":\"kindermedizin an der oper\",\"description\":\"Die neue Kinderarzt-Praxis am Bahnhof Stadelhofen in Z\u00fcrich\",\"publisher\":{\"@id\":\"https:\\\/\\\/kindermedizin-zuerich.ch\\\/#organization\"},\"potentialAction\":[{\"@type\":\"SearchAction\",\"target\":{\"@type\":\"EntryPoint\",\"urlTemplate\":\"https:\\\/\\\/kindermedizin-zuerich.ch\\\/?s={search_term_string}\"},\"query-input\":{\"@type\":\"PropertyValueSpecification\",\"valueRequired\":true,\"valueName\":\"search_term_string\"}}],\"inLanguage\":\"en-US\"},{\"@type\":\"Organization\",\"@id\":\"https:\\\/\\\/kindermedizin-zuerich.ch\\\/#organization\",\"name\":\"kindermedizin an der oper\",\"url\":\"https:\\\/\\\/kindermedizin-zuerich.ch\\\/\",\"logo\":{\"@type\":\"ImageObject\",\"inLanguage\":\"en-US\",\"@id\":\"https:\\\/\\\/kindermedizin-zuerich.ch\\\/#\\\/schema\\\/logo\\\/image\\\/\",\"url\":\"https:\\\/\\\/kindermedizin-zuerich.ch\\\/wp-content\\\/uploads\\\/2023\\\/10\\\/KM_Logo_an-der-Oper_bunt-RGB-2.png\",\"contentUrl\":\"https:\\\/\\\/kindermedizin-zuerich.ch\\\/wp-content\\\/uploads\\\/2023\\\/10\\\/KM_Logo_an-der-Oper_bunt-RGB-2.png\",\"width\":471,\"height\":200,\"caption\":\"kindermedizin an der oper\"},\"image\":{\"@id\":\"https:\\\/\\\/kindermedizin-zuerich.ch\\\/#\\\/schema\\\/logo\\\/image\\\/\"}}]}<\/script>\n<!-- \/ Yoast SEO plugin. -->","yoast_head_json":{"title":"Kontakt | kindermedizin an der oper","robots":{"index":"index","follow":"follow","max-snippet":"max-snippet:-1","max-image-preview":"max-image-preview:large","max-video-preview":"max-video-preview:-1"},"canonical":"https:\/\/kindermedizin-zuerich.ch\/en\/kontakt\/","og_locale":"en_US","og_type":"article","og_title":"Kontakt | kindermedizin an der oper","og_description":"Wir haben offene T\u00fcren und Ohren f\u00fcr Sie und Ihre Kinder. Unsere Praxis befindet sich in der dritten und vierten Etage \u00fcber der Dr. Andres Apotheke. Mit dem Lift, der gross genug ist f\u00fcr einen Kinderwagen, gelangen Sie zum Empfang im vierten Stock. Adresse Falkenstrasse 25 8008 Z\u00fcrich Kontakt 044 527 30 40E-Mail \u00d6ffnungszeiten Montag [&hellip;]","og_url":"https:\/\/kindermedizin-zuerich.ch\/en\/kontakt\/","og_site_name":"kindermedizin an der oper","article_modified_time":"2025-10-17T15:03:26+00:00","og_image":[{"width":1200,"height":675,"url":"https:\/\/kindermedizin-zuerich.ch\/wp-content\/uploads\/2024\/01\/kindermedizin-an-der-oper_OG.png","type":"image\/png"}],"twitter_card":"summary_large_image","twitter_misc":{"Est. reading time":"1 minute"},"schema":{"@context":"https:\/\/schema.org","@graph":[{"@type":"WebPage","@id":"https:\/\/kindermedizin-zuerich.ch\/kontakt\/","url":"https:\/\/kindermedizin-zuerich.ch\/kontakt\/","name":"Kontakt | kindermedizin an der oper","isPartOf":{"@id":"https:\/\/kindermedizin-zuerich.ch\/#website"},"datePublished":"2023-10-13T16:02:40+00:00","dateModified":"2025-10-17T15:03:26+00:00","breadcrumb":{"@id":"https:\/\/kindermedizin-zuerich.ch\/kontakt\/#breadcrumb"},"inLanguage":"en-US","potentialAction":[{"@type":"ReadAction","target":["https:\/\/kindermedizin-zuerich.ch\/kontakt\/"]}]},{"@type":"BreadcrumbList","@id":"https:\/\/kindermedizin-zuerich.ch\/kontakt\/#breadcrumb","itemListElement":[{"@type":"ListItem","position":1,"name":"Home","item":"https:\/\/kindermedizin-zuerich.ch\/"},{"@type":"ListItem","position":2,"name":"Kontakt"}]},{"@type":"WebSite","@id":"https:\/\/kindermedizin-zuerich.ch\/#website","url":"https:\/\/kindermedizin-zuerich.ch\/","name":"kindermedizin an der oper","description":"Die neue Kinderarzt-Praxis am Bahnhof Stadelhofen in Z\u00fcrich","publisher":{"@id":"https:\/\/kindermedizin-zuerich.ch\/#organization"},"potentialAction":[{"@type":"SearchAction","target":{"@type":"EntryPoint","urlTemplate":"https:\/\/kindermedizin-zuerich.ch\/?s={search_term_string}"},"query-input":{"@type":"PropertyValueSpecification","valueRequired":true,"valueName":"search_term_string"}}],"inLanguage":"en-US"},{"@type":"Organization","@id":"https:\/\/kindermedizin-zuerich.ch\/#organization","name":"kindermedizin an der oper","url":"https:\/\/kindermedizin-zuerich.ch\/","logo":{"@type":"ImageObject","inLanguage":"en-US","@id":"https:\/\/kindermedizin-zuerich.ch\/#\/schema\/logo\/image\/","url":"https:\/\/kindermedizin-zuerich.ch\/wp-content\/uploads\/2023\/10\/KM_Logo_an-der-Oper_bunt-RGB-2.png","contentUrl":"https:\/\/kindermedizin-zuerich.ch\/wp-content\/uploads\/2023\/10\/KM_Logo_an-der-Oper_bunt-RGB-2.png","width":471,"height":200,"caption":"kindermedizin an der oper"},"image":{"@id":"https:\/\/kindermedizin-zuerich.ch\/#\/schema\/logo\/image\/"}}]}},"_links":{"self":[{"href":"https:\/\/kindermedizin-zuerich.ch\/en\/wp-json\/wp\/v2\/pages\/13","targetHints":{"allow":["GET"]}}],"collection":[{"href":"https:\/\/kindermedizin-zuerich.ch\/en\/wp-json\/wp\/v2\/pages"}],"about":[{"href":"https:\/\/kindermedizin-zuerich.ch\/en\/wp-json\/wp\/v2\/types\/page"}],"author":[{"embeddable":true,"href":"https:\/\/kindermedizin-zuerich.ch\/en\/wp-json\/wp\/v2\/users\/1"}],"replies":[{"embeddable":true,"href":"https:\/\/kindermedizin-zuerich.ch\/en\/wp-json\/wp\/v2\/comments?post=13"}],"version-history":[{"count":25,"href":"https:\/\/kindermedizin-zuerich.ch\/en\/wp-json\/wp\/v2\/pages\/13\/revisions"}],"predecessor-version":[{"id":2578,"href":"https:\/\/kindermedizin-zuerich.ch\/en\/wp-json\/wp\/v2\/pages\/13\/revisions\/2578"}],"wp:attachment":[{"href":"https:\/\/kindermedizin-zuerich.ch\/en\/wp-json\/wp\/v2\/media?parent=13"}],"curies":[{"name":"wp","href":"https:\/\/api.w.org\/{rel}","templated":true}]}}